{"id":21812,"date":"2024-06-20T08:46:37","date_gmt":"2024-06-20T08:46:37","guid":{"rendered":"https:\/\/master-lub.com\/corporate\/"},"modified":"2025-02-03T10:53:43","modified_gmt":"2025-02-03T10:53:43","slug":"corporate","status":"publish","type":"page","link":"https:\/\/master-lub.com\/en\/corporate\/","title":{"rendered":"Corporate"},"content":{"rendered":"\t\t<div data-elementor-type=\"wp-page\" data-elementor-id=\"21812\" class=\"elementor elementor-21812 elementor-19\">\n\t\t\t\t        <section class=\"elementor-section elementor-top-section elementor-element elementor-element-e7355f4 elementor-section-boxed elementor-section-height-default elementor-section-height-default pxl-row-scroll-none pxl-zoom-point-false pxl-section-overflow-visible pxl-section-fix-none pxl-bg-color-none pxl-section-overlay-none\" data-id=\"e7355f4\" data-element_type=\"section\" data-e-type=\"section\" data-settings=\"{&quot;background_background&quot;:&quot;classic&quot;}\">\n\n                \n        <div class=\"pxl-section-bg-parallax\" data-parallax=\"{&quot;x&quot;:20}\"><\/div>        <div class=\"elementor-container elementor-column-gap-extended \">\n                <div class=\"elementor-column elementor-col-50 elementor-top-column elementor-element elementor-element-cada7e3 pxl-column-none pxl-column-overflow-hidden-no\" data-id=\"cada7e3\" data-element_type=\"column\" data-e-type=\"column\">\r\n        <div class=\"elementor-widget-wrap elementor-element-populated\">\r\n                     \r\n        \t\t<div class=\"elementor-element elementor-element-ca91771 elementor-widget elementor-widget-pxl_banner_box\" data-id=\"ca91771\" data-element_type=\"widget\" data-e-type=\"widget\" data-widget_type=\"pxl_banner_box.default\">\n\t\t\t\t<div class=\"elementor-widget-container\">\n\t\t\t\t\t<div class=\"pxl-banner pxl-banner1\">\r\n\t<div class=\"pxl-banner-inner\">\r\n\t\t\t\t\t<div class=\"pxl-main--image\">\r\n\t\t\t\t<img fetchpriority=\"high\" decoding=\"async\" width=\"2203\" height=\"2560\" src=\"https:\/\/master-lub.com\/wp-content\/uploads\/2024\/12\/all-round-trust-and-support-2024-08-20-00-06-01-utc-scaled.jpg\" class=\"attachment-full\" alt=\"\" srcset=\"https:\/\/master-lub.com\/wp-content\/uploads\/2024\/12\/all-round-trust-and-support-2024-08-20-00-06-01-utc-scaled.jpg 2203w, https:\/\/master-lub.com\/wp-content\/uploads\/2024\/12\/all-round-trust-and-support-2024-08-20-00-06-01-utc-scaled-600x697.jpg 600w, https:\/\/master-lub.com\/wp-content\/uploads\/2024\/12\/all-round-trust-and-support-2024-08-20-00-06-01-utc-258x300.jpg 258w, https:\/\/master-lub.com\/wp-content\/uploads\/2024\/12\/all-round-trust-and-support-2024-08-20-00-06-01-utc-881x1024.jpg 881w, https:\/\/master-lub.com\/wp-content\/uploads\/2024\/12\/all-round-trust-and-support-2024-08-20-00-06-01-utc-768x892.jpg 768w, https:\/\/master-lub.com\/wp-content\/uploads\/2024\/12\/all-round-trust-and-support-2024-08-20-00-06-01-utc-1322x1536.jpg 1322w, https:\/\/master-lub.com\/wp-content\/uploads\/2024\/12\/all-round-trust-and-support-2024-08-20-00-06-01-utc-1762x2048.jpg 1762w, https:\/\/master-lub.com\/wp-content\/uploads\/2024\/12\/all-round-trust-and-support-2024-08-20-00-06-01-utc-611x710.jpg 611w\" sizes=\"(max-width: 2203px) 100vw, 2203px\" \/>\t\t\t<\/div>\r\n\t\t\t\t\t\t\t<div class=\"pxl-counter--holder\">\r\n\t\t\t\t<div class=\"inner-counter bg-image\" >\r\n\t\t\t\t\t<div class=\"pxl-counter--number\">\r\n\t\t\t            <span class=\"pxl-counter--value effect-default\" data-duration=\"2000\" data-startnumber=\"1\" data-endnumber=\"30\" data-to-value=\"30\">1<\/span>\r\n\t\t\t            \t\t\t                <span class=\"pxl-counter--bsuffix\">+<\/span>\r\n\t\t\t            \t\t\t        <\/div>\r\n\t\t\t        <div class=\"pxl-counter--title\">Y\u0131l\u0131 a\u015fk\u0131n Tecr\u00fcbe<\/div>\r\n\t\t\t\t<\/div>\r\n\t\t    <\/div>\r\n\t\t\t<\/div>\r\n<\/div>\t\t\t\t<\/div>\n\t\t\t\t<\/div>\n\t\t            <\/div>\r\n        <\/div>\r\n                <div class=\"elementor-column elementor-col-50 elementor-top-column elementor-element elementor-element-5f33938 pxl-column-none pxl-column-overflow-hidden-no\" data-id=\"5f33938\" data-element_type=\"column\" data-e-type=\"column\">\r\n        <div class=\"elementor-widget-wrap elementor-element-populated\">\r\n                     \r\n        \t\t<div class=\"elementor-element elementor-element-3ebfde1 elementor-widget elementor-widget-pxl_heading\" data-id=\"3ebfde1\" data-element_type=\"widget\" data-e-type=\"widget\" data-widget_type=\"pxl_heading.default\">\n\t\t\t\t<div class=\"elementor-widget-container\">\n\t\t\t\t\t\n<div id=\"pxl-pxl_heading-3ebfde1-2164\" class=\"pxl-heading \">\n\t<div class=\"pxl-heading--inner\">\n\t\t\t\t\t<div class=\"pxl-item--subtitle \" data-wow-delay=\"ms\">\n\t\t\t\t<span class=\"pxl-item--subtext\">\n\t\t\t\t\t\t\t\t\t\t<span class=\"\">Who Are We?<\/span>\n\t\t\t\t<\/span>\n\t\t\t<\/div>\n\t\t\n\t\t<div class=\"pxl-item--title style-default highlight-default \" data-wow-delay=\"ms\">\n\n\t\t\t<span class=\"pxl-heading--text\">\n\n\t\t\t\t\t\t\t\t\tAbout Us\t\n\t\t\t\t\t\n\n\t\t\t<\/span>\n\t\t<\/div>\n\t\t\n\t<\/div>\n<\/div>\t\t\t\t<\/div>\n\t\t\t\t<\/div>\n\t\t\t\t<div class=\"elementor-element elementor-element-32f4d32 elementor-widget elementor-widget-pxl_text_editor\" data-id=\"32f4d32\" data-element_type=\"widget\" data-e-type=\"widget\" data-widget_type=\"pxl_text_editor.default\">\n\t\t\t\t<div class=\"elementor-widget-container\">\n\t\t\t\t\t<div class=\"pxl-text-editor\">\n\t<div class=\"pxl-item--inner \" data-wow-delay=\"ms\">\n\t\t<p><em>With our knowledge and experience of over 20 years, we are a company that is specialized in all subjects and equipped to provide tribological solutions in every industry branch. Our greatest strength is that our entire team consists of people who have adopted the principle of providing the best service to our customers.<\/em><\/p><p><em>We provide services in accordance with national and world standards without compromising the principles of sustainability together with customer satisfaction and quality. For this reason, all processes in our company are carried out in accordance with the ISO 9001\u201314001 -45001 quality management system.<\/em><\/p>\t\t\n\t<\/div>\n<\/div>\t\t\t\t<\/div>\n\t\t\t\t<\/div>\n\t\t\t\t<div class=\"elementor-element elementor-element-b800bc8 elementor-widget elementor-widget-pxl_text_editor\" data-id=\"b800bc8\" data-element_type=\"widget\" data-e-type=\"widget\" data-widget_type=\"pxl_text_editor.default\">\n\t\t\t\t<div class=\"elementor-widget-container\">\n\t\t\t\t\t<div class=\"pxl-text-editor\">\n\t<div class=\"pxl-item--inner \" data-wow-delay=\"ms\">\n\t\t<p><strong><em>Masterlub is your solution partner with innovative products.<\/em><\/strong><\/p>\t\t\n\t<\/div>\n<\/div>\t\t\t\t<\/div>\n\t\t\t\t<\/div>\n\t\t            <\/div>\r\n        <\/div>\r\n        \t\t\t<\/div>\n\t\t<\/section>\n\t\t        <section class=\"elementor-section elementor-top-section elementor-element elementor-element-3487a22 elementor-section-boxed elementor-section-height-default elementor-section-height-default pxl-row-scroll-none pxl-zoom-point-false pxl-section-overflow-visible pxl-section-fix-none pxl-bg-color-none pxl-section-overlay-none\" data-id=\"3487a22\" data-element_type=\"section\" data-e-type=\"section\" data-settings=\"{&quot;background_background&quot;:&quot;classic&quot;}\">\n\n                \n        <div class=\"pxl-section-bg-parallax\" data-parallax=\"{&quot;y&quot;:30}\"><\/div>        <div class=\"elementor-container elementor-column-gap-extended \">\n                <div class=\"elementor-column elementor-col-100 elementor-top-column elementor-element elementor-element-e101b40 pxl-column-none pxl-column-overflow-hidden-no\" data-id=\"e101b40\" data-element_type=\"column\" data-e-type=\"column\">\r\n        <div class=\"elementor-widget-wrap elementor-element-populated\">\r\n                     \r\n        \t\t<div class=\"elementor-element elementor-element-1e347bc elementor-widget elementor-widget-pxl_heading\" data-id=\"1e347bc\" data-element_type=\"widget\" data-e-type=\"widget\" data-widget_type=\"pxl_heading.default\">\n\t\t\t\t<div class=\"elementor-widget-container\">\n\t\t\t\t\t\n<div id=\"pxl-pxl_heading-1e347bc-2800\" class=\"pxl-heading \">\n\t<div class=\"pxl-heading--inner\">\n\t\t\n\t\t<div class=\"pxl-item--title style-default highlight-default \" data-wow-delay=\"ms\">\n\n\t\t\t<span class=\"pxl-heading--text\">\n\n\t\t\t\t\t\t\t\t\tGet to Know Us Better\t\n\t\t\t\t\t\n\n\t\t\t<\/span>\n\t\t<\/div>\n\t\t\n\t<\/div>\n<\/div>\t\t\t\t<\/div>\n\t\t\t\t<\/div>\n\t\t\t\t<div class=\"elementor-element elementor-element-65d7874 elementor-widget elementor-widget-pxl_tabs\" data-id=\"65d7874\" data-element_type=\"widget\" data-e-type=\"widget\" data-widget_type=\"pxl_tabs.default\">\n\t\t\t\t<div class=\"elementor-widget-container\">\n\t\t\t\t\t    <div class=\"pxl-tabs pxl-tabs1 tab-effect-slide \" data-wow-delay=\"ms\">\n        <div class=\"pxl-tabs--inner\">\n            <div class=\"pxl-tabs--title\">\n                                    <span class=\"pxl-tab--title pxl-cursor--cta \" data-target=\"#pxl_tabs-65d7874-5512-b787f59\">\n                       <span class=\"pxl-title--text\">\n                            Our Mission                        <\/span>\n                    <\/span>\n                                    <span class=\"pxl-tab--title pxl-cursor--cta \" data-target=\"#pxl_tabs-65d7874-5512-fdc1474\">\n                       <span class=\"pxl-title--text\">\n                            Our Princible                        <\/span>\n                    <\/span>\n                                    <span class=\"pxl-tab--title pxl-cursor--cta \" data-target=\"#pxl_tabs-65d7874-5512-0987b5d\">\n                       <span class=\"pxl-title--text\">\n                            Our Task                        <\/span>\n                    <\/span>\n                                    <span class=\"pxl-tab--title pxl-cursor--cta active\" data-target=\"#pxl_tabs-65d7874-5512-538a421\">\n                       <span class=\"pxl-title--text\">\n                            Our Target                        <\/span>\n                    <\/span>\n                            <\/div>\n\n            <div class=\"pxl-tabs--content\">\n                                    <div id=\"pxl_tabs-65d7874-5512-b787f59\" class=\"pxl-tab--content  pxl-tabs--elementor\" >\n                        <div class=\"pxl-content--inner\">\n                            \t\t<div data-elementor-type=\"wp-post\" data-elementor-id=\"22568\" class=\"elementor elementor-22568 elementor-3013\">\n\t\t\t\t        <section class=\"elementor-section elementor-top-section elementor-element elementor-element-29be43c elementor-section-boxed elementor-section-height-default elementor-section-height-default pxl-row-scroll-none pxl-zoom-point-false pxl-section-overflow-visible pxl-section-fix-none pxl-bg-color-none pxl-section-overlay-none\" data-id=\"29be43c\" data-element_type=\"section\" data-e-type=\"section\">\n\n                \n                <div class=\"elementor-container elementor-column-gap-extended \">\n                <div class=\"elementor-column elementor-col-50 elementor-top-column elementor-element elementor-element-05e50a0 pxl-column-none pxl-column-overflow-hidden-no\" data-id=\"05e50a0\" data-element_type=\"column\" data-e-type=\"column\" data-settings=\"{&quot;background_background&quot;:&quot;classic&quot;}\">\r\n        <div class=\"elementor-widget-wrap elementor-element-populated\">\r\n                     \r\n        \t\t<div class=\"elementor-element elementor-element-c672bd2 elementor-widget elementor-widget-spacer\" data-id=\"c672bd2\" data-element_type=\"widget\" data-e-type=\"widget\" data-widget_type=\"spacer.default\">\n\t\t\t\t<div class=\"elementor-widget-container\">\n\t\t\t\t\t\t\t<div class=\"elementor-spacer\">\n\t\t\t<div class=\"elementor-spacer-inner\"><\/div>\n\t\t<\/div>\n\t\t\t\t\t\t<\/div>\n\t\t\t\t<\/div>\n\t\t            <\/div>\r\n        <\/div>\r\n                <div class=\"elementor-column elementor-col-50 elementor-top-column elementor-element elementor-element-e60e6aa pxl-column-none pxl-column-overflow-hidden-no\" data-id=\"e60e6aa\" data-element_type=\"column\" data-e-type=\"column\">\r\n        <div class=\"elementor-widget-wrap elementor-element-populated\">\r\n                     \r\n        \t\t<div class=\"elementor-element elementor-element-0f04c5f elementor-widget elementor-widget-pxl_heading\" data-id=\"0f04c5f\" data-element_type=\"widget\" data-e-type=\"widget\" data-widget_type=\"pxl_heading.default\">\n\t\t\t\t<div class=\"elementor-widget-container\">\n\t\t\t\t\t\n<div id=\"pxl-pxl_heading-0f04c5f-3135\" class=\"pxl-heading \">\n\t<div class=\"pxl-heading--inner\">\n\t\t\n\t\t<h3 class=\"pxl-item--title style-default highlight-default \" data-wow-delay=\"ms\">\n\n\t\t\t<span class=\"pxl-heading--text\">\n\n\t\t\t\t\t\t\t\t\tOur Mission\t\n\t\t\t\t\t\n\n\t\t\t<\/span>\n\t\t<\/h3>\n\t\t\n\t<\/div>\n<\/div>\t\t\t\t<\/div>\n\t\t\t\t<\/div>\n\t\t\t\t<div class=\"elementor-element elementor-element-a460b18 elementor-widget elementor-widget-pxl_text_editor\" data-id=\"a460b18\" data-element_type=\"widget\" data-e-type=\"widget\" data-widget_type=\"pxl_text_editor.default\">\n\t\t\t\t<div class=\"elementor-widget-container\">\n\t\t\t\t\t<div class=\"pxl-text-editor\">\n\t<div class=\"pxl-item--inner \" data-wow-delay=\"ms\">\n\t\t<p><em>To fulfill the demands and targets of our customers to the highest extent by providing tribological solutions.<\/em><\/p>\t\t\n\t<\/div>\n<\/div>\t\t\t\t<\/div>\n\t\t\t\t<\/div>\n\t\t            <\/div>\r\n        <\/div>\r\n        \t\t\t<\/div>\n\t\t<\/section>\n\t\t\t\t<\/div>\n\t\t        \n                        <\/div>\n                    <\/div>\n                                    <div id=\"pxl_tabs-65d7874-5512-fdc1474\" class=\"pxl-tab--content  pxl-tabs--elementor\" >\n                        <div class=\"pxl-content--inner\">\n                            \t\t<div data-elementor-type=\"wp-post\" data-elementor-id=\"22570\" class=\"elementor elementor-22570 elementor-3063\">\n\t\t\t\t        <section class=\"elementor-section elementor-top-section elementor-element elementor-element-48242e8 elementor-section-boxed elementor-section-height-default elementor-section-height-default pxl-row-scroll-none pxl-zoom-point-false pxl-section-overflow-visible pxl-section-fix-none pxl-bg-color-none pxl-section-overlay-none\" data-id=\"48242e8\" data-element_type=\"section\" data-e-type=\"section\">\n\n                \n                <div class=\"elementor-container elementor-column-gap-extended \">\n                <div class=\"elementor-column elementor-col-50 elementor-top-column elementor-element elementor-element-74780bc pxl-column-none pxl-column-overflow-hidden-no\" data-id=\"74780bc\" data-element_type=\"column\" data-e-type=\"column\" data-settings=\"{&quot;background_background&quot;:&quot;classic&quot;}\">\r\n        <div class=\"elementor-widget-wrap elementor-element-populated\">\r\n                     \r\n        \t\t<div class=\"elementor-element elementor-element-e1f57db elementor-widget elementor-widget-spacer\" data-id=\"e1f57db\" data-element_type=\"widget\" data-e-type=\"widget\" data-widget_type=\"spacer.default\">\n\t\t\t\t<div class=\"elementor-widget-container\">\n\t\t\t\t\t\t\t<div class=\"elementor-spacer\">\n\t\t\t<div class=\"elementor-spacer-inner\"><\/div>\n\t\t<\/div>\n\t\t\t\t\t\t<\/div>\n\t\t\t\t<\/div>\n\t\t            <\/div>\r\n        <\/div>\r\n                <div class=\"elementor-column elementor-col-50 elementor-top-column elementor-element elementor-element-16e7310 pxl-column-none pxl-column-overflow-hidden-no\" data-id=\"16e7310\" data-element_type=\"column\" data-e-type=\"column\">\r\n        <div class=\"elementor-widget-wrap elementor-element-populated\">\r\n                     \r\n        \t\t<div class=\"elementor-element elementor-element-0124544 elementor-widget elementor-widget-pxl_heading\" data-id=\"0124544\" data-element_type=\"widget\" data-e-type=\"widget\" data-widget_type=\"pxl_heading.default\">\n\t\t\t\t<div class=\"elementor-widget-container\">\n\t\t\t\t\t\n<div id=\"pxl-pxl_heading-0124544-9592\" class=\"pxl-heading \">\n\t<div class=\"pxl-heading--inner\">\n\t\t\n\t\t<h3 class=\"pxl-item--title style-default highlight-default \" data-wow-delay=\"ms\">\n\n\t\t\t<span class=\"pxl-heading--text\">\n\n\t\t\t\t\t\t\t\t\tOur Princible\t\n\t\t\t\t\t\n\n\t\t\t<\/span>\n\t\t<\/h3>\n\t\t\n\t<\/div>\n<\/div>\t\t\t\t<\/div>\n\t\t\t\t<\/div>\n\t\t\t\t<div class=\"elementor-element elementor-element-e55d007 elementor-widget elementor-widget-pxl_text_editor\" data-id=\"e55d007\" data-element_type=\"widget\" data-e-type=\"widget\" data-widget_type=\"pxl_text_editor.default\">\n\t\t\t\t<div class=\"elementor-widget-container\">\n\t\t\t\t\t<div class=\"pxl-text-editor\">\n\t<div class=\"pxl-item--inner \" data-wow-delay=\"ms\">\n\t\t<p><em>To provide quality, fair and professional service to our customers with our expert and experienced team.<\/em><\/p>\t\t\n\t<\/div>\n<\/div>\t\t\t\t<\/div>\n\t\t\t\t<\/div>\n\t\t            <\/div>\r\n        <\/div>\r\n        \t\t\t<\/div>\n\t\t<\/section>\n\t\t\t\t<\/div>\n\t\t        \n                        <\/div>\n                    <\/div>\n                                    <div id=\"pxl_tabs-65d7874-5512-0987b5d\" class=\"pxl-tab--content  pxl-tabs--elementor\" >\n                        <div class=\"pxl-content--inner\">\n                            \t\t<div data-elementor-type=\"wp-post\" data-elementor-id=\"22572\" class=\"elementor elementor-22572 elementor-3065\">\n\t\t\t\t        <section class=\"elementor-section elementor-top-section elementor-element elementor-element-7238dd7 elementor-section-boxed elementor-section-height-default elementor-section-height-default pxl-row-scroll-none pxl-zoom-point-false pxl-section-overflow-visible pxl-section-fix-none pxl-bg-color-none pxl-section-overlay-none\" data-id=\"7238dd7\" data-element_type=\"section\" data-e-type=\"section\">\n\n                \n                <div class=\"elementor-container elementor-column-gap-extended \">\n                <div class=\"elementor-column elementor-col-50 elementor-top-column elementor-element elementor-element-5428568 pxl-column-none pxl-column-overflow-hidden-no\" data-id=\"5428568\" data-element_type=\"column\" data-e-type=\"column\" data-settings=\"{&quot;background_background&quot;:&quot;classic&quot;}\">\r\n        <div class=\"elementor-widget-wrap elementor-element-populated\">\r\n                     \r\n        \t\t<div class=\"elementor-element elementor-element-746d04a elementor-widget elementor-widget-spacer\" data-id=\"746d04a\" data-element_type=\"widget\" data-e-type=\"widget\" data-widget_type=\"spacer.default\">\n\t\t\t\t<div class=\"elementor-widget-container\">\n\t\t\t\t\t\t\t<div class=\"elementor-spacer\">\n\t\t\t<div class=\"elementor-spacer-inner\"><\/div>\n\t\t<\/div>\n\t\t\t\t\t\t<\/div>\n\t\t\t\t<\/div>\n\t\t            <\/div>\r\n        <\/div>\r\n                <div class=\"elementor-column elementor-col-50 elementor-top-column elementor-element elementor-element-0f4cf65 pxl-column-none pxl-column-overflow-hidden-no\" data-id=\"0f4cf65\" data-element_type=\"column\" data-e-type=\"column\">\r\n        <div class=\"elementor-widget-wrap elementor-element-populated\">\r\n                     \r\n        \t\t<div class=\"elementor-element elementor-element-939463d elementor-widget elementor-widget-pxl_heading\" data-id=\"939463d\" data-element_type=\"widget\" data-e-type=\"widget\" data-widget_type=\"pxl_heading.default\">\n\t\t\t\t<div class=\"elementor-widget-container\">\n\t\t\t\t\t\n<div id=\"pxl-pxl_heading-939463d-9064\" class=\"pxl-heading \">\n\t<div class=\"pxl-heading--inner\">\n\t\t\n\t\t<h3 class=\"pxl-item--title style-default highlight-default \" data-wow-delay=\"ms\">\n\n\t\t\t<span class=\"pxl-heading--text\">\n\n\t\t\t\t\t\t\t\t\tOur Task\t\n\t\t\t\t\t\n\n\t\t\t<\/span>\n\t\t<\/h3>\n\t\t\n\t<\/div>\n<\/div>\t\t\t\t<\/div>\n\t\t\t\t<\/div>\n\t\t\t\t<div class=\"elementor-element elementor-element-c6a9feb elementor-widget elementor-widget-pxl_text_editor\" data-id=\"c6a9feb\" data-element_type=\"widget\" data-e-type=\"widget\" data-widget_type=\"pxl_text_editor.default\">\n\t\t\t\t<div class=\"elementor-widget-container\">\n\t\t\t\t\t<div class=\"pxl-text-editor\">\n\t<div class=\"pxl-item--inner \" data-wow-delay=\"ms\">\n\t\t<p><em>To increase production efficiency and support to reduce costs with our knowledge and experience while keeping customer satisfaction in the forefront.<\/em><\/p>\t\t\n\t<\/div>\n<\/div>\t\t\t\t<\/div>\n\t\t\t\t<\/div>\n\t\t            <\/div>\r\n        <\/div>\r\n        \t\t\t<\/div>\n\t\t<\/section>\n\t\t\t\t<\/div>\n\t\t        \n                        <\/div>\n                    <\/div>\n                                    <div id=\"pxl_tabs-65d7874-5512-538a421\" class=\"pxl-tab--content active pxl-tabs--elementor\" style=\"display: block;\">\n                        <div class=\"pxl-content--inner\">\n                            \t\t<div data-elementor-type=\"wp-post\" data-elementor-id=\"22574\" class=\"elementor elementor-22574 elementor-21168\">\n\t\t\t\t        <section class=\"elementor-section elementor-top-section elementor-element elementor-element-9676564 elementor-section-boxed elementor-section-height-default elementor-section-height-default pxl-row-scroll-none pxl-zoom-point-false pxl-section-overflow-visible pxl-section-fix-none pxl-bg-color-none pxl-section-overlay-none\" data-id=\"9676564\" data-element_type=\"section\" data-e-type=\"section\">\n\n                \n                <div class=\"elementor-container elementor-column-gap-extended \">\n                <div class=\"elementor-column elementor-col-50 elementor-top-column elementor-element elementor-element-b66ce81 pxl-column-none pxl-column-overflow-hidden-no\" data-id=\"b66ce81\" data-element_type=\"column\" data-e-type=\"column\" data-settings=\"{&quot;background_background&quot;:&quot;classic&quot;}\">\r\n        <div class=\"elementor-widget-wrap elementor-element-populated\">\r\n                     \r\n        \t\t<div class=\"elementor-element elementor-element-3b24343 elementor-widget elementor-widget-spacer\" data-id=\"3b24343\" data-element_type=\"widget\" data-e-type=\"widget\" data-widget_type=\"spacer.default\">\n\t\t\t\t<div class=\"elementor-widget-container\">\n\t\t\t\t\t\t\t<div class=\"elementor-spacer\">\n\t\t\t<div class=\"elementor-spacer-inner\"><\/div>\n\t\t<\/div>\n\t\t\t\t\t\t<\/div>\n\t\t\t\t<\/div>\n\t\t            <\/div>\r\n        <\/div>\r\n                <div class=\"elementor-column elementor-col-50 elementor-top-column elementor-element elementor-element-1d21832 pxl-column-none pxl-column-overflow-hidden-no\" data-id=\"1d21832\" data-element_type=\"column\" data-e-type=\"column\">\r\n        <div class=\"elementor-widget-wrap elementor-element-populated\">\r\n                     \r\n        \t\t<div class=\"elementor-element elementor-element-888b135 elementor-widget elementor-widget-pxl_heading\" data-id=\"888b135\" data-element_type=\"widget\" data-e-type=\"widget\" data-widget_type=\"pxl_heading.default\">\n\t\t\t\t<div class=\"elementor-widget-container\">\n\t\t\t\t\t\n<div id=\"pxl-pxl_heading-888b135-2635\" class=\"pxl-heading \">\n\t<div class=\"pxl-heading--inner\">\n\t\t\n\t\t<h3 class=\"pxl-item--title style-default highlight-default \" data-wow-delay=\"ms\">\n\n\t\t\t<span class=\"pxl-heading--text\">\n\n\t\t\t\t\t\t\t\t\tOur Target\t\n\t\t\t\t\t\n\n\t\t\t<\/span>\n\t\t<\/h3>\n\t\t\n\t<\/div>\n<\/div>\t\t\t\t<\/div>\n\t\t\t\t<\/div>\n\t\t\t\t<div class=\"elementor-element elementor-element-c160f4a elementor-widget elementor-widget-pxl_text_editor\" data-id=\"c160f4a\" data-element_type=\"widget\" data-e-type=\"widget\" data-widget_type=\"pxl_text_editor.default\">\n\t\t\t\t<div class=\"elementor-widget-container\">\n\t\t\t\t\t<div class=\"pxl-text-editor\">\n\t<div class=\"pxl-item--inner \" data-wow-delay=\"ms\">\n\t\t<p><em>Continue to offer high-tech lubricants\u00a0 keeping customer demands and satisfaction in the forefront as it is today.<\/em><\/p>\t\t\n\t<\/div>\n<\/div>\t\t\t\t<\/div>\n\t\t\t\t<\/div>\n\t\t            <\/div>\r\n        <\/div>\r\n        \t\t\t<\/div>\n\t\t<\/section>\n\t\t\t\t<\/div>\n\t\t        \n                        <\/div>\n                    <\/div>\n                            <\/div>\n            \n        <\/div>\n    <\/div>\n\t\t\t\t<\/div>\n\t\t\t\t<\/div>\n\t\t            <\/div>\r\n        <\/div>\r\n        \t\t\t<\/div>\n\t\t<\/section>\n\t\t\t\t<\/div>\n\t\t","protected":false},"excerpt":{"rendered":"<p>1 + Y\u0131l\u0131 a\u015fk\u0131n Tecr\u00fcbe Who Are We? About Us With our knowledge and experience of over 20 years, we are a company that is specialized in all subjects and equipped to provide tribological solutions in every industry branch. Our greatest strength is that our entire team consists of people who have adopted the principle [&hellip;]<\/p>\n","protected":false},"author":1,"featured_media":0,"parent":0,"menu_order":0,"comment_status":"closed","ping_status":"closed","template":"","meta":{"footnotes":""},"class_list":["post-21812","page","type-page","status-publish","hentry"],"_links":{"self":[{"href":"https:\/\/master-lub.com\/en\/wp-json\/wp\/v2\/pages\/21812","targetHints":{"allow":["GET"]}}],"collection":[{"href":"https:\/\/master-lub.com\/en\/wp-json\/wp\/v2\/pages"}],"about":[{"href":"https:\/\/master-lub.com\/en\/wp-json\/wp\/v2\/types\/page"}],"author":[{"embeddable":true,"href":"https:\/\/master-lub.com\/en\/wp-json\/wp\/v2\/users\/1"}],"replies":[{"embeddable":true,"href":"https:\/\/master-lub.com\/en\/wp-json\/wp\/v2\/comments?post=21812"}],"version-history":[{"count":0,"href":"https:\/\/master-lub.com\/en\/wp-json\/wp\/v2\/pages\/21812\/revisions"}],"wp:attachment":[{"href":"https:\/\/master-lub.com\/en\/wp-json\/wp\/v2\/media?parent=21812"}],"curies":[{"name":"wp","href":"https:\/\/api.w.org\/{rel}","templated":true}]}}