{"id":21814,"date":"2024-12-18T07:17:11","date_gmt":"2024-12-18T07:17:11","guid":{"rendered":"https:\/\/master-lub.com\/paste\/"},"modified":"2025-01-28T10:32:25","modified_gmt":"2025-01-28T10:32:25","slug":"paste","status":"publish","type":"page","link":"https:\/\/master-lub.com\/en\/paste\/","title":{"rendered":"PASTE"},"content":{"rendered":"\t\t<div data-elementor-type=\"wp-page\" data-elementor-id=\"21814\" class=\"elementor elementor-21814 elementor-20414\">\n\t\t\t\t        <section class=\"elementor-section elementor-top-section elementor-element elementor-element-c7b6eb3 elementor-section-boxed elementor-section-height-default elementor-section-height-default pxl-row-scroll-none pxl-zoom-point-false pxl-section-overflow-visible pxl-section-fix-none pxl-bg-color-none pxl-section-overlay-none\" data-id=\"c7b6eb3\" data-element_type=\"section\" data-e-type=\"section\">\n\n                \n                <div class=\"elementor-container elementor-column-gap-default \">\n                <div class=\"elementor-column elementor-col-100 elementor-top-column elementor-element elementor-element-19dda3c pxl-column-none pxl-column-overflow-hidden-no\" data-id=\"19dda3c\" data-element_type=\"column\" data-e-type=\"column\">\r\n        <div class=\"elementor-widget-wrap elementor-element-populated\">\r\n                     \r\n        \t\t<div class=\"elementor-element elementor-element-c5bda15 pxl-post-layout-post-1 elementor-widget elementor-widget-pxl_post_grid\" data-id=\"c5bda15\" data-element_type=\"widget\" data-e-type=\"widget\" data-widget_type=\"pxl_post_grid.default\">\n\t\t\t\t<div class=\"elementor-widget-container\">\n\t\t\t\t\t\n<div id=\"pxl_post_grid-c5bda15-9577\" class=\"pxl-grid pxl-blog-grid pxl-blog-grid-layout1\" data-start-page=\"1\" data-max-pages=\"1\" data-total=\"5\" data-perpage=\"100\" data-next-link=\"\">\n    \n    <div class=\"pxl-grid-inner pxl-grid-masonry row\" data-gutter=\"15\">\n                    <div class=\"pxl-grid-item col-xl-4 col-lg-4 col-md-6 col-sm-6 col-12 paste\">\n                <div class=\"pxl-post--inner item-style1 \" data-wow-duration=\"1.2s\">\n                                        <div class=\"pxl-item--holder\">\n                        <h3 class=\"pxl-post--title\"><a href=\"https:\/\/master-lub.com\/en\/masterpaste-ap-compaund\/\">Masterpaste AP Compaund<\/a><\/h3>\n                        <div class=\"pxl-post--meta\">\n                                                                                                            <\/div>\n                                                    <div class=\"pxl-post--content\">\n                                                            <\/div>\n                                                                            <div class=\"pxl-post--button\">\n                                <a class=\"btn\" href=\"https:\/\/master-lub.com\/en\/masterpaste-ap-compaund\/\">\n                                    <span class=\"pxl--btn-text\">\n                                        \u00dcr\u00fcn\u00fc \u0130ncele                                    <\/span>\n                                    <span class=\"pxl--btn-icon\"><i class=\"flaticon-up-right-arrow-1\"><\/i><\/span>\n                                <\/a>\n                            <\/div>\n                                            <\/div>\n                <\/div>\n            <\/div>\n                    <div class=\"pxl-grid-item col-xl-4 col-lg-4 col-md-6 col-sm-6 col-12 paste\">\n                <div class=\"pxl-post--inner item-style1 \" data-wow-duration=\"1.2s\">\n                                        <div class=\"pxl-item--holder\">\n                        <h3 class=\"pxl-post--title\"><a href=\"https:\/\/master-lub.com\/en\/masterpaste-c-1400-ht\/\">Masterpaste C\/1400 HT<\/a><\/h3>\n                        <div class=\"pxl-post--meta\">\n                                                                                                            <\/div>\n                                                    <div class=\"pxl-post--content\">\n                                                            <\/div>\n                                                                            <div class=\"pxl-post--button\">\n                                <a class=\"btn\" href=\"https:\/\/master-lub.com\/en\/masterpaste-c-1400-ht\/\">\n                                    <span class=\"pxl--btn-text\">\n                                        \u00dcr\u00fcn\u00fc \u0130ncele                                    <\/span>\n                                    <span class=\"pxl--btn-icon\"><i class=\"flaticon-up-right-arrow-1\"><\/i><\/span>\n                                <\/a>\n                            <\/div>\n                                            <\/div>\n                <\/div>\n            <\/div>\n                    <div class=\"pxl-grid-item col-xl-4 col-lg-4 col-md-6 col-sm-6 col-12 paste\">\n                <div class=\"pxl-post--inner item-style1 \" data-wow-duration=\"1.2s\">\n                                        <div class=\"pxl-item--holder\">\n                        <h3 class=\"pxl-post--title\"><a href=\"https:\/\/master-lub.com\/en\/masterpaste-c-fluid\/\">Masterpaste C Fluid<\/a><\/h3>\n                        <div class=\"pxl-post--meta\">\n                                                                                                            <\/div>\n                                                    <div class=\"pxl-post--content\">\n                                                            <\/div>\n                                                                            <div class=\"pxl-post--button\">\n                                <a class=\"btn\" href=\"https:\/\/master-lub.com\/en\/masterpaste-c-fluid\/\">\n                                    <span class=\"pxl--btn-text\">\n                                        \u00dcr\u00fcn\u00fc \u0130ncele                                    <\/span>\n                                    <span class=\"pxl--btn-icon\"><i class=\"flaticon-up-right-arrow-1\"><\/i><\/span>\n                                <\/a>\n                            <\/div>\n                                            <\/div>\n                <\/div>\n            <\/div>\n                    <div class=\"pxl-grid-item col-xl-4 col-lg-4 col-md-6 col-sm-6 col-12 paste\">\n                <div class=\"pxl-post--inner item-style1 \" data-wow-duration=\"1.2s\">\n                                        <div class=\"pxl-item--holder\">\n                        <h3 class=\"pxl-post--title\"><a href=\"https:\/\/master-lub.com\/en\/masterpaste-top-fluid\/\">Masterpaste TOP Fluid<\/a><\/h3>\n                        <div class=\"pxl-post--meta\">\n                                                                                                            <\/div>\n                                                    <div class=\"pxl-post--content\">\n                                                            <\/div>\n                                                                            <div class=\"pxl-post--button\">\n                                <a class=\"btn\" href=\"https:\/\/master-lub.com\/en\/masterpaste-top-fluid\/\">\n                                    <span class=\"pxl--btn-text\">\n                                        \u00dcr\u00fcn\u00fc \u0130ncele                                    <\/span>\n                                    <span class=\"pxl--btn-icon\"><i class=\"flaticon-up-right-arrow-1\"><\/i><\/span>\n                                <\/a>\n                            <\/div>\n                                            <\/div>\n                <\/div>\n            <\/div>\n                    <div class=\"pxl-grid-item col-xl-4 col-lg-4 col-md-6 col-sm-6 col-12 paste\">\n                <div class=\"pxl-post--inner item-style1 \" data-wow-duration=\"1.2s\">\n                                        <div class=\"pxl-item--holder\">\n                        <h3 class=\"pxl-post--title\"><a href=\"https:\/\/master-lub.com\/en\/masterpaste-l-401\/\">Masterpaste L 401<\/a><\/h3>\n                        <div class=\"pxl-post--meta\">\n                                                                                                            <\/div>\n                                                    <div class=\"pxl-post--content\">\n                                                            <\/div>\n                                                                            <div class=\"pxl-post--button\">\n                                <a class=\"btn\" href=\"https:\/\/master-lub.com\/en\/masterpaste-l-401\/\">\n                                    <span class=\"pxl--btn-text\">\n                                        \u00dcr\u00fcn\u00fc \u0130ncele                                    <\/span>\n                                    <span class=\"pxl--btn-icon\"><i class=\"flaticon-up-right-arrow-1\"><\/i><\/span>\n                                <\/a>\n                            <\/div>\n                                            <\/div>\n                <\/div>\n            <\/div>\n                <div class=\"grid-sizer col-xl-4 col-lg-4 col-md-6 col-sm-6 col-12\"><\/div>\n        \n    <\/div>\n        <\/div>\t\t\t\t<\/div>\n\t\t\t\t<\/div>\n\t\t            <\/div>\r\n        <\/div>\r\n        \t\t\t<\/div>\n\t\t<\/section>\n\t\t\t\t<\/div>\n\t\t","protected":false},"excerpt":{"rendered":"<p>Masterpaste C\/1400 HT \u00dcr\u00fcn\u00fc \u0130ncele Masterpaste C Fluid \u00dcr\u00fcn\u00fc \u0130ncele Masterpaste TOP Fluid \u00dcr\u00fcn\u00fc \u0130ncele Masterpaste L 401 \u00dcr\u00fcn\u00fc \u0130ncele<\/p>\n","protected":false},"author":1,"featured_media":0,"parent":0,"menu_order":0,"comment_status":"closed","ping_status":"closed","template":"","meta":{"footnotes":""},"class_list":["post-21814","page","type-page","status-publish","hentry"],"_links":{"self":[{"href":"https:\/\/master-lub.com\/en\/wp-json\/wp\/v2\/pages\/21814","targetHints":{"allow":["GET"]}}],"collection":[{"href":"https:\/\/master-lub.com\/en\/wp-json\/wp\/v2\/pages"}],"about":[{"href":"https:\/\/master-lub.com\/en\/wp-json\/wp\/v2\/types\/page"}],"author":[{"embeddable":true,"href":"https:\/\/master-lub.com\/en\/wp-json\/wp\/v2\/users\/1"}],"replies":[{"embeddable":true,"href":"https:\/\/master-lub.com\/en\/wp-json\/wp\/v2\/comments?post=21814"}],"version-history":[{"count":0,"href":"https:\/\/master-lub.com\/en\/wp-json\/wp\/v2\/pages\/21814\/revisions"}],"wp:attachment":[{"href":"https:\/\/master-lub.com\/en\/wp-json\/wp\/v2\/media?parent=21814"}],"curies":[{"name":"wp","href":"https:\/\/api.w.org\/{rel}","templated":true}]}}